{"id":628,"date":"2024-10-23T01:36:49","date_gmt":"2024-10-23T01:36:49","guid":{"rendered":"https:\/\/projexpace.com\/?page_id=628"},"modified":"2025-04-01T17:43:39","modified_gmt":"2025-04-01T17:43:39","slug":"a-propos","status":"publish","type":"page","link":"https:\/\/projexpace.com\/en\/a-propos\/","title":{"rendered":"About"},"content":{"rendered":"<div data-elementor-type=\"wp-page\" data-elementor-id=\"628\" class=\"elementor elementor-628\" data-elementor-post-type=\"page\">\n\t\t\t\t<div class=\"elementor-element elementor-element-12ecec7f e-flex e-con-boxed e-con e-parent\" data-id=\"12ecec7f\" data-element_type=\"container\">\n\t\t\t\t\t<div class=\"e-con-inner\">\n\t\t<div class=\"elementor-element elementor-element-7a97840a e-con-full e-flex e-con e-child\" data-id=\"7a97840a\" data-element_type=\"container\" data-settings=\"{&quot;background_background&quot;:&quot;classic&quot;}\">\n\t\t\t\t<div class=\"elementor-element elementor-element-bf2aa7e elementor-widget elementor-widget-image\" data-id=\"bf2aa7e\" data-element_type=\"widget\" data-widget_type=\"image.default\">\n\t\t\t\t<div class=\"elementor-widget-container\">\n\t\t\t\t\t\t\t\t\t\t\t\t\t\t\t<img fetchpriority=\"high\" decoding=\"async\" width=\"800\" height=\"181\" src=\"https:\/\/projexpace.com\/wp-content\/uploads\/2024\/10\/Logo-blue-alligned.webp\" class=\"attachment-large size-large wp-image-630\" alt=\"\" srcset=\"https:\/\/projexpace.com\/wp-content\/uploads\/2024\/10\/Logo-blue-alligned.webp 906w, https:\/\/projexpace.com\/wp-content\/uploads\/2024\/10\/Logo-blue-alligned-300x68.webp 300w, https:\/\/projexpace.com\/wp-content\/uploads\/2024\/10\/Logo-blue-alligned-768x174.webp 768w\" sizes=\"(max-width: 800px) 100vw, 800px\" \/>\t\t\t\t\t\t\t\t\t\t\t\t\t\t\t<\/div>\n\t\t\t\t<\/div>\n\t\t\t\t<\/div>\n\t\t<div class=\"elementor-element elementor-element-2b6c4ade e-con-full e-flex e-con e-child\" data-id=\"2b6c4ade\" data-element_type=\"container\">\n\t\t\t\t<div class=\"elementor-element elementor-element-422dd1ba elementor-widget__width-initial elementor-absolute elementor-widget elementor-widget-spacer\" data-id=\"422dd1ba\" data-element_type=\"widget\" data-settings=\"{&quot;_position&quot;:&quot;absolute&quot;}\" data-widget_type=\"spacer.default\">\n\t\t\t\t<div class=\"elementor-widget-container\">\n\t\t\t\t\t\t\t<div class=\"elementor-spacer\">\n\t\t\t<div class=\"elementor-spacer-inner\"><\/div>\n\t\t<\/div>\n\t\t\t\t\t\t<\/div>\n\t\t\t\t<\/div>\n\t\t\t\t<div class=\"elementor-element elementor-element-322184e5 elementor-invisible elementor-widget elementor-widget-heading\" data-id=\"322184e5\" data-element_type=\"widget\" data-settings=\"{&quot;_animation&quot;:&quot;fadeInUp&quot;}\" data-widget_type=\"heading.default\">\n\t\t\t\t<div class=\"elementor-widget-container\">\n\t\t\t\t\t<h3 class=\"elementor-heading-title elementor-size-default\">Our story<\/h3>\t\t\t\t<\/div>\n\t\t\t\t<\/div>\n\t\t\t\t<div class=\"elementor-element elementor-element-6fcec10 elementor-widget elementor-widget-heading\" data-id=\"6fcec10\" data-element_type=\"widget\" data-widget_type=\"heading.default\">\n\t\t\t\t<div class=\"elementor-widget-container\">\n\t\t\t\t\t<h1 class=\"elementor-heading-title elementor-size-default\">Decades of experience<\/h1>\t\t\t\t<\/div>\n\t\t\t\t<\/div>\n\t\t\t\t<div class=\"elementor-element elementor-element-50d15f58 elementor-widget elementor-widget-text-editor\" data-id=\"50d15f58\" data-element_type=\"widget\" data-widget_type=\"text-editor.default\">\n\t\t\t\t<div class=\"elementor-widget-container\">\n\t\t\t\t\t\t\t\t\t<p class=\"p1\"><span class=\"s1\">To orchestrate smooth and seamless transitions, ensuring a successful relocation and setup.<\/span><\/p>\t\t\t\t\t\t\t\t<\/div>\n\t\t\t\t<\/div>\n\t\t\t\t<\/div>\n\t\t\t\t\t<\/div>\n\t\t\t\t<\/div>\n\t\t<div class=\"elementor-element elementor-element-2a232f71 e-flex e-con-boxed e-con e-parent\" data-id=\"2a232f71\" data-element_type=\"container\" data-settings=\"{&quot;background_background&quot;:&quot;classic&quot;}\">\n\t\t\t\t\t<div class=\"e-con-inner\">\n\t\t<div class=\"elementor-element elementor-element-1ada8da e-con-full e-flex e-con e-child\" data-id=\"1ada8da\" data-element_type=\"container\">\n\t\t\t\t<div class=\"elementor-element elementor-element-14a5fe34 elementor-widget elementor-widget-heading\" data-id=\"14a5fe34\" data-element_type=\"widget\" data-widget_type=\"heading.default\">\n\t\t\t\t<div class=\"elementor-widget-container\">\n\t\t\t\t\t<h3 class=\"elementor-heading-title elementor-size-default\">30 YEARS OF EXPERIENCE<\/h3>\t\t\t\t<\/div>\n\t\t\t\t<\/div>\n\t\t\t\t<div class=\"elementor-element elementor-element-743940e7 elementor-widget elementor-widget-text-editor\" data-id=\"743940e7\" data-element_type=\"widget\" data-widget_type=\"text-editor.default\">\n\t\t\t\t<div class=\"elementor-widget-container\">\n\t\t\t\t\t\t\t\t\t<p>With several years of experience already, Ms. Johanne Laurin founded her first corporate relocation project management company in 1996 to meet the occasional needs of businesses undergoing physical space reorganization. In 1998, after managing the relocation of 1,200 workstations for Nortel, projects began to multiply, and the team had to expand.<\/p><p>\u00a0<\/p><p>In 2001, she partnered with a co-owner, and the company was renamed Projexpace. It was during this year that Projexpace was awarded the contract to manage the relocation of over 1,600 workstations for the Caisse de d\u00e9p\u00f4t et placement du Qu\u00e9bec.<\/p><p>\u00a0<\/p><p>Ms. Laurin also developed a new line of services focused on construction project administration. Prestigious clients then entrusted the team with projects, including AXA Insurance (900 workstations, 14 floors), Standard Life (900 workstations, 12 floors), Yoplait (offices and warehouse), Vid\u00e9otron, and Telus.<\/p><p>\u00a0<\/p><p>But private companies are not the only ones that require external expertise.<\/p><p>\u00a0<\/p><p>In the early 2000s, the creation and mergers of CLSCs within the healthcare network created an urgent need for top-tier expertise and experience in these sectors.<\/p><p>\u00a0<\/p><p>And in the regions, the need is even greater. As a result, our professionals have been entrusted with assignments in Trois-Rivi\u00e8res, Sherbrooke, Joliette, Ch\u00e2teauguay, as facility managers for numerous CLSCs. Not to mention those in the greater Montreal area, Mont\u00e9r\u00e9gie, and the North Shore.<\/p><p>\u00a0<\/p><p>Starting in 2003, projects for expansions, new construction, space planning, and relocations of hospital centers began to emerge (Honor\u00e9 Mercier, Montreal Mental Health Institute, Pierre Legardeur, Maisonneuve-Rosemont (CSA) and emergency services, CHUM, Montreal Heart Institute, Haut-Richelieu, Ste-Hyacinthe, Santa Cabrini, and others) that demonstrated their trust in Projexpace and helped build its reputation. Not to mention the CHSLDs, rehabilitation centers, day centers, and a dozen CLSCs.<\/p><p>\u00a0<\/p><p>In 2014, the planning and execution of the CHUM research center relocation plan through a public-private partnership (PPP) were awarded to them, representing the largest relocation project in Quebec's history at the time.<\/p><p>\u00a0<\/p><p>In 2015, in partnership with the French firm D\u00e9m\u00e9ninge, Projexpace was awarded the contract for planning the relocation of CHUM's operations.<\/p><p>\u00a0<\/p><p>Today, with the creation of CIUSSS and CISSS, the team has managed the relocation of over 150 projects, including approximately 80 projects involving the transfer of operations and relocations within the healthcare network: emergency departments, operating rooms, care units, and laboratories.<\/p><p>\u00a0<\/p><p>Projexpace has also developed expertise in the planning, coordination, and supervision of records\/archive transfers, including the reorganization of over 500,000 patient files at Honor\u00e9 Mercier Hospital, the constant supervision of the relocation of more than 20 million files for Revenu Qu\u00e9bec, and more recently, the transfer of McGill University\u2019s library, containing over 2 million books, 250,000 archive boxes, and thousands of rare volumes relocated to regional facilities.<\/p><p>\u00a0<\/p><p>En 2024, avec 30 ans d\u2019exp\u00e9rience professionnelle en tant que charg\u00e9e de projets pour des relocalisations, agrandissements et r\u00e9am\u00e9nagements d\u2019espaces de tout type\u2014bureaux, industries, institutions et commerces\u2014en France, en Angleterre, aux \u00c9tats-Unis et \u00e0 travers le Canada, Projexpace est bien positionn\u00e9e pour continuer \u00e0 innover et \u00e0 r\u00e9pondre aux besoins de ses clients. Cette riche expertise assure une transition r\u00e9ussie pour chaque projet, consolidant ainsi son r\u00f4le de leader dans le domaine de la gestion de projets de relocalisation. L&rsquo;avenir de Projexpace s&rsquo;annonce prometteur, pr\u00eat \u00e0 relever de nouveaux d\u00e9fis et \u00e0 accompagner ses clients vers de nouveaux horizons.<\/p>\t\t\t\t\t\t\t\t<\/div>\n\t\t\t\t<\/div>\n\t\t\t\t<\/div>\n\t\t\t\t\t<\/div>\n\t\t\t\t<\/div>\n\t\t\t\t<\/div>","protected":false},"excerpt":{"rendered":"<p>Notre histoire Des d\u00e9cennies d&rsquo;exp\u00e9rience \u00c0 orchestrer des transitions fluides et harmonieuses, assurant une relocalisation et un am\u00e9nagement r\u00e9ussi. 30 ANS D\u2019EXP\u00c9RIENCE Avec d\u00e9j\u00e0 plusieurs ann\u00e9es d\u2019exp\u00e9riences, c\u2019est en 1996 que madame Johanne Laurin fonde sa premi\u00e8re entreprise de gestion de projets de relocalisation d\u2019entreprises afin de r\u00e9pondre aux besoins ponctuels de toute entreprise en [&hellip;]<\/p>","protected":false},"author":1,"featured_media":152,"parent":0,"menu_order":0,"comment_status":"closed","ping_status":"closed","template":"elementor_header_footer","meta":{"footnotes":""},"class_list":["post-628","page","type-page","status-publish","has-post-thumbnail","hentry"],"_links":{"self":[{"href":"https:\/\/projexpace.com\/en\/wp-json\/wp\/v2\/pages\/628","targetHints":{"allow":["GET"]}}],"collection":[{"href":"https:\/\/projexpace.com\/en\/wp-json\/wp\/v2\/pages"}],"about":[{"href":"https:\/\/projexpace.com\/en\/wp-json\/wp\/v2\/types\/page"}],"author":[{"embeddable":true,"href":"https:\/\/projexpace.com\/en\/wp-json\/wp\/v2\/users\/1"}],"replies":[{"embeddable":true,"href":"https:\/\/projexpace.com\/en\/wp-json\/wp\/v2\/comments?post=628"}],"version-history":[{"count":16,"href":"https:\/\/projexpace.com\/en\/wp-json\/wp\/v2\/pages\/628\/revisions"}],"predecessor-version":[{"id":746,"href":"https:\/\/projexpace.com\/en\/wp-json\/wp\/v2\/pages\/628\/revisions\/746"}],"wp:featuredmedia":[{"embeddable":true,"href":"https:\/\/projexpace.com\/en\/wp-json\/wp\/v2\/media\/152"}],"wp:attachment":[{"href":"https:\/\/projexpace.com\/en\/wp-json\/wp\/v2\/media?parent=628"}],"curies":[{"name":"wp","href":"https:\/\/api.w.org\/{rel}","templated":true}]}}